{"id":7945,"date":"2022-04-21T18:27:41","date_gmt":"2022-04-21T16:27:41","guid":{"rendered":"https:\/\/german-x.com\/werden-sie-eine-lokale-fuehrungskraft\/"},"modified":"2024-10-14T12:13:30","modified_gmt":"2024-10-14T10:13:30","slug":"werden-sie-eine-lokale-fuehrungskraft","status":"publish","type":"page","link":"https:\/\/www.german-x.com\/de\/werden-sie-eine-lokale-fuehrungskraft\/","title":{"rendered":"Werden Sie eine lokale F\u00fchrungskraft"},"content":{"rendered":"<div class=\"local-lead relative md:my-24 my-16\">\n    \n    <div id=\"local-lead\" class=\"absolute -top-24\"><\/div>\n    \n    <div class=\"relative\">\n\n        <h2 class=\"md:text-5xl text-3xl font-bold uppercase md:leading-none leading-none\">\n            Haben Sie auch Lust, eine neue Community zu er\u00f6ffnen und die Mobilit\u00e4t deutscher Startups im Ausland zu erh\u00f6hen?        <\/h2>\n\n        <p class=\"mt-4 md:text-2xl text-xl\">\n                \n        <\/p>\n\n        <p class=\"mt-8 md:text-xl text-lg\">\n                \n        <\/p>\n        \n    <\/div>\n    \n    <div class=\"hidden mt-12 grid grid-cols-2 md:gap-8 gap-5\">\n    \n        <div>\n\n            <p class=\"xl:w-6\/12 font-bold md:text-2xl text-xl\">\n                    \n            <\/p>\n\n            <div class=\"mt-8 prose prose-locations max-w-none\">\n                Array   \n            <\/div>\n            \n        <\/div>\n\n        <div class=\"relative\">\n\n            <p class=\"font-bold md:text-2xl text-xl\">\n                    \n            <\/p>\n            \n            <div class=\"mt-8 border-2 border-black px-8 divide-y-2 divide-black\">\n            \n                \n            <\/div>\n\n        <\/div>\n        \n    <\/div>\n    \n    <p class=\"mt-16 md:text-2xl text-xl\">\n        Wir sind auf der Suche nach lokalen Leads in den folgenden Regionen:     <\/p>\n    \n    <div class=\"mt-8 lg:flex grid grid-cols-1 lg:gap-16 gap-8\">\n   \n                  \n\n    <\/div>\n        \n<\/div><div id=\"news-block_6261861afcfc4\" class=\"news md:py-24 py-16 alignfullwidth bg-primary-yellow text-black\">\n    \n    <div class=\"container mx-auto\">\n    \n        <h2 class=\"md:text-4xl text-2xl font-bold\">\n            Lassen Sie GERMAN X wachsen und beantragen Sie ein neues GERMAN X Chapter.        <\/h2>\n\n                 \n            <p class=\"mt-3 md:text-2xl text-lg\">   \n                Weitere Informationen finden Sie in unseren Richtlinien und in unserem Playbook auf der Bewerbungsseite.             <\/p>  \n        \n        \n        \n            <a class=\"md:mt-8 mt-6 md:py-1.5 py-1 md:px-5 px-3 rounded-full inline-block md:text-2xl text-xl border-2 border-black bg-primary-yellow text-black hover:bg-black hover:text-primary-yellow hover:border-black\" href=\"https:\/\/www.germanx.com\/application-form\/\" target=\"_self\">\n                Jetzt bewerben            <\/a>\n\n        \n    <\/div>     \n\n<\/div>","protected":false},"excerpt":{"rendered":"","protected":false},"author":1,"featured_media":0,"parent":0,"menu_order":0,"comment_status":"closed","ping_status":"closed","template":"page-germanx.php","meta":{"_acf_changed":false,"footnotes":""},"class_list":["post-7945","page","type-page","status-publish","hentry"],"acf":[],"yoast_head":"<!-- This site is optimized with the Yoast SEO plugin v27.5 - https:\/\/yoast.com\/product\/yoast-seo-wordpress\/ -->\n<title>Werden Sie eine lokale F\u00fchrungskraft | GERMAN X<\/title>\n<meta name=\"robots\" content=\"index, follow, max-snippet:-1, max-image-preview:large, max-video-preview:-1\" \/>\n<link rel=\"canonical\" href=\"https:\/\/www.german-x.com\/de\/werden-sie-eine-lokale-fuehrungskraft\/\" \/>\n<meta property=\"og:locale\" content=\"de_DE\" \/>\n<meta property=\"og:type\" content=\"article\" \/>\n<meta property=\"og:title\" content=\"Werden Sie eine lokale F\u00fchrungskraft | GERMAN X\" \/>\n<meta property=\"og:url\" content=\"https:\/\/www.german-x.com\/de\/werden-sie-eine-lokale-fuehrungskraft\/\" \/>\n<meta property=\"og:site_name\" content=\"GERMAN X\" \/>\n<meta property=\"article:modified_time\" content=\"2024-10-14T10:13:30+00:00\" \/>\n<meta name=\"twitter:card\" content=\"summary_large_image\" \/>\n<script type=\"application\/ld+json\" class=\"yoast-schema-graph\">{\"@context\":\"https:\\\/\\\/schema.org\",\"@graph\":[{\"@type\":\"WebPage\",\"@id\":\"https:\\\/\\\/www.german-x.com\\\/de\\\/werden-sie-eine-lokale-fuehrungskraft\\\/\",\"url\":\"https:\\\/\\\/www.german-x.com\\\/de\\\/werden-sie-eine-lokale-fuehrungskraft\\\/\",\"name\":\"Werden Sie eine lokale F\u00fchrungskraft | GERMAN X\",\"isPartOf\":{\"@id\":\"\\\/#website\"},\"datePublished\":\"2022-04-21T16:27:41+00:00\",\"dateModified\":\"2024-10-14T10:13:30+00:00\",\"breadcrumb\":{\"@id\":\"https:\\\/\\\/www.german-x.com\\\/de\\\/werden-sie-eine-lokale-fuehrungskraft\\\/#breadcrumb\"},\"inLanguage\":\"de\",\"potentialAction\":[{\"@type\":\"ReadAction\",\"target\":[\"https:\\\/\\\/www.german-x.com\\\/de\\\/werden-sie-eine-lokale-fuehrungskraft\\\/\"]}]},{\"@type\":\"BreadcrumbList\",\"@id\":\"https:\\\/\\\/www.german-x.com\\\/de\\\/werden-sie-eine-lokale-fuehrungskraft\\\/#breadcrumb\",\"itemListElement\":[{\"@type\":\"ListItem\",\"position\":1,\"name\":\"GERMAN X\",\"item\":\"https:\\\/\\\/mail.german-x.com\\\/de\\\/\"},{\"@type\":\"ListItem\",\"position\":2,\"name\":\"Werden Sie eine lokale F\u00fchrungskraft\"}]},{\"@type\":\"WebSite\",\"@id\":\"\\\/#website\",\"url\":\"\\\/\",\"name\":\"GERMAN X\",\"description\":\"Entdecke etablierte \u00d6kosysteme und bereite gemeinsam mit GERMAN X den Markteintritt in ein Ausland vor.\",\"publisher\":{\"@id\":\"\\\/#organization\"},\"alternateName\":\"GERMAN X\",\"potentialAction\":[{\"@type\":\"SearchAction\",\"target\":{\"@type\":\"EntryPoint\",\"urlTemplate\":\"\\\/?s={search_term_string}\"},\"query-input\":{\"@type\":\"PropertyValueSpecification\",\"valueRequired\":true,\"valueName\":\"search_term_string\"}}],\"inLanguage\":\"de\"},{\"@type\":\"Organization\",\"@id\":\"\\\/#organization\",\"name\":\"GERMAN X\",\"url\":\"\\\/\",\"logo\":{\"@type\":\"ImageObject\",\"inLanguage\":\"de\",\"@id\":\"\\\/#\\\/schema\\\/logo\\\/image\\\/\",\"url\":\"https:\\\/\\\/www.germanx.com\\\/wp-content\\\/uploads\\\/2022\\\/11\\\/logo-germanx.png\",\"contentUrl\":\"https:\\\/\\\/www.germanx.com\\\/wp-content\\\/uploads\\\/2022\\\/11\\\/logo-germanx.png\",\"width\":408,\"height\":88,\"caption\":\"GERMAN X\"},\"image\":{\"@id\":\"\\\/#\\\/schema\\\/logo\\\/image\\\/\"},\"sameAs\":[\"https:\\\/\\\/www.linkedin.com\\\/company\\\/germanx\\\/\"]}]}<\/script>\n<!-- \/ Yoast SEO plugin. -->","yoast_head_json":{"title":"Werden Sie eine lokale F\u00fchrungskraft | GERMAN X","robots":{"index":"index","follow":"follow","max-snippet":"max-snippet:-1","max-image-preview":"max-image-preview:large","max-video-preview":"max-video-preview:-1"},"canonical":"https:\/\/www.german-x.com\/de\/werden-sie-eine-lokale-fuehrungskraft\/","og_locale":"de_DE","og_type":"article","og_title":"Werden Sie eine lokale F\u00fchrungskraft | GERMAN X","og_url":"https:\/\/www.german-x.com\/de\/werden-sie-eine-lokale-fuehrungskraft\/","og_site_name":"GERMAN X","article_modified_time":"2024-10-14T10:13:30+00:00","twitter_card":"summary_large_image","schema":{"@context":"https:\/\/schema.org","@graph":[{"@type":"WebPage","@id":"https:\/\/www.german-x.com\/de\/werden-sie-eine-lokale-fuehrungskraft\/","url":"https:\/\/www.german-x.com\/de\/werden-sie-eine-lokale-fuehrungskraft\/","name":"Werden Sie eine lokale F\u00fchrungskraft | GERMAN X","isPartOf":{"@id":"\/#website"},"datePublished":"2022-04-21T16:27:41+00:00","dateModified":"2024-10-14T10:13:30+00:00","breadcrumb":{"@id":"https:\/\/www.german-x.com\/de\/werden-sie-eine-lokale-fuehrungskraft\/#breadcrumb"},"inLanguage":"de","potentialAction":[{"@type":"ReadAction","target":["https:\/\/www.german-x.com\/de\/werden-sie-eine-lokale-fuehrungskraft\/"]}]},{"@type":"BreadcrumbList","@id":"https:\/\/www.german-x.com\/de\/werden-sie-eine-lokale-fuehrungskraft\/#breadcrumb","itemListElement":[{"@type":"ListItem","position":1,"name":"GERMAN X","item":"https:\/\/mail.german-x.com\/de\/"},{"@type":"ListItem","position":2,"name":"Werden Sie eine lokale F\u00fchrungskraft"}]},{"@type":"WebSite","@id":"\/#website","url":"\/","name":"GERMAN X","description":"Entdecke etablierte \u00d6kosysteme und bereite gemeinsam mit GERMAN X den Markteintritt in ein Ausland vor.","publisher":{"@id":"\/#organization"},"alternateName":"GERMAN X","potentialAction":[{"@type":"SearchAction","target":{"@type":"EntryPoint","urlTemplate":"\/?s={search_term_string}"},"query-input":{"@type":"PropertyValueSpecification","valueRequired":true,"valueName":"search_term_string"}}],"inLanguage":"de"},{"@type":"Organization","@id":"\/#organization","name":"GERMAN X","url":"\/","logo":{"@type":"ImageObject","inLanguage":"de","@id":"\/#\/schema\/logo\/image\/","url":"https:\/\/www.germanx.com\/wp-content\/uploads\/2022\/11\/logo-germanx.png","contentUrl":"https:\/\/www.germanx.com\/wp-content\/uploads\/2022\/11\/logo-germanx.png","width":408,"height":88,"caption":"GERMAN X"},"image":{"@id":"\/#\/schema\/logo\/image\/"},"sameAs":["https:\/\/www.linkedin.com\/company\/germanx\/"]}]}},"_links":{"self":[{"href":"https:\/\/www.german-x.com\/de\/wp-json\/wp\/v2\/pages\/7945","targetHints":{"allow":["GET"]}}],"collection":[{"href":"https:\/\/www.german-x.com\/de\/wp-json\/wp\/v2\/pages"}],"about":[{"href":"https:\/\/www.german-x.com\/de\/wp-json\/wp\/v2\/types\/page"}],"author":[{"embeddable":true,"href":"https:\/\/www.german-x.com\/de\/wp-json\/wp\/v2\/users\/1"}],"replies":[{"embeddable":true,"href":"https:\/\/www.german-x.com\/de\/wp-json\/wp\/v2\/comments?post=7945"}],"version-history":[{"count":3,"href":"https:\/\/www.german-x.com\/de\/wp-json\/wp\/v2\/pages\/7945\/revisions"}],"predecessor-version":[{"id":7968,"href":"https:\/\/www.german-x.com\/de\/wp-json\/wp\/v2\/pages\/7945\/revisions\/7968"}],"wp:attachment":[{"href":"https:\/\/www.german-x.com\/de\/wp-json\/wp\/v2\/media?parent=7945"}],"curies":[{"name":"wp","href":"https:\/\/api.w.org\/{rel}","templated":true}]}}